{"id":101,"date":"2023-04-20T20:46:44","date_gmt":"2023-04-20T18:46:44","guid":{"rendered":"https:\/\/ontroerendgoed.kasteelamerongen.nl\/gidsen\/?page_id=101"},"modified":"2026-03-30T12:55:09","modified_gmt":"2026-03-30T10:55:09","slug":"overzicht-archieven","status":"publish","type":"page","link":"https:\/\/ontroerendgoed.kasteelamerongen.nl\/gidsen\/het-archief\/overzicht-archieven\/","title":{"rendered":"Overzicht archieven"},"content":{"rendered":"<div class=\"lightweight-accordion\"><details><summary class=\"lightweight-accordion-title\"><span>DA Drents Archief<\/span><\/summary><div class=\"lightweight-accordion-body\">\n\n<p>DA 0185 <a rel=\"noreferrer noopener\" href=\"http:\/\/www.drentsarchief.nl\/onderzoeken\/archiefstukken?mivast=34&amp;mizig=210&amp;miadt=34&amp;micode=0185&amp;miview=inv2\" target=\"_blank\">De Milly van Heiden Reinestein<\/a><\/p>\n\n<\/div><\/details><\/div>\n\n<div class=\"lightweight-accordion\"><details><summary class=\"lightweight-accordion-title\"><span>GA Gelders Archief<\/span><\/summary><div class=\"lightweight-accordion-body\">\n\n<p>GA 0270 <a href=\"https:\/\/permalink.geldersarchief.nl\/396F8D56504F4F2EAB91E7BB5178EC05\" target=\"_blank\" rel=\"noreferrer noopener\">Heerlijkheid Nederhemert 2<\/a><\/p>\n\n\n\n<p>GA 0370 <a href=\"https:\/\/permalink.geldersarchief.nl\/ACC1F0EBCEC946ADBD039AB4EA421454\" target=\"_blank\" rel=\"noreferrer noopener\">Graven van Culemborg<\/a><\/p>\n\n\n\n<p>GA 0383 Huis Doorwerth<\/p>\n\n\n\n<p>GA 0407 <a href=\"https:\/\/permalink.geldersarchief.nl\/093276CC4C5B40039D34DAE6F5FC39B5\" target=\"_blank\" rel=\"noreferrer noopener\">Huis De Cannenburg<\/a><\/p>\n\n\n\n<p>GA 0522 <a rel=\"noreferrer noopener\" href=\"https:\/\/permalink.geldersarchief.nl\/03EB1431EBA2432E9E2473B2B2049772\" target=\"_blank\">Huis Middachten<\/a><\/p>\n\n\n\n<p>GA 0525 <a href=\"https:\/\/permalink.geldersarchief.nl\/D96D103F0A5245018E0D82320869C1EF\" target=\"_blank\" rel=\"noreferrer noopener\">Huis Rosendaal<\/a><\/p>\n\n\n\n<p>GA 0609 <a rel=\"noreferrer noopener\" href=\"https:\/\/permalink.geldersarchief.nl\/9403F5DA802E4CD7A71CDC4A2C0F720E\" target=\"_blank\">Familie van Randwijck 1<\/a><\/p>\n\n\n\n<p>GA 0613 <a href=\"https:\/\/permalink.geldersarchief.nl\/ACC1F0EBCEC946ADBD039AB4EA421454\" target=\"_blank\" rel=\"noreferrer noopener\">Familie Bentinck \/ Aldenburg Bentinck<\/a><mfn>Nog mee bezig<\/mfn><\/p>\n\n\n\n<p>GA 0887 Familie van Randwijck 4<\/p>\n\n\n\n<p>GA 2003 <a href=\"https:\/\/permalink.geldersarchief.nl\/FB617A2753E444D7B94F1A89821A1915\" target=\"_blank\" rel=\"noreferrer noopener\">Ohra Arnhem<\/a><\/p>\n\n<\/div><\/details><\/div>\n\n<div class=\"lightweight-accordion\"><details><summary class=\"lightweight-accordion-title\"><span>HGA Haags Gemeentearchief<\/span><\/summary><div class=\"lightweight-accordion-body\">\n\n<p>HGA Foto&#8217;s<mfn>Nog mee bezig<\/mfn><\/p>\n\n\n\n<p>HGA 0842-01 <a rel=\"noreferrer noopener\" href=\"https:\/\/hdl.handle.net\/21.12124\/D8AC045997BA446A9AA463507136A107\" target=\"_blank\">C<\/a><a rel=\"noreferrer noopener\" href=\"https:\/\/hdl.handle.net\/21.12124\/D8AC045997BA446A9AA463507136A107\" target=\"_blank\">o<\/a><a rel=\"noreferrer noopener\" href=\"https:\/\/hdl.handle.net\/21.12124\/D8AC045997BA446A9AA463507136A107\" target=\"_blank\">l<\/a><a rel=\"noreferrer noopener\" href=\"https:\/\/hdl.handle.net\/21.12124\/D8AC045997BA446A9AA463507136A107\" target=\"_blank\">l<\/a><a rel=\"noreferrer noopener\" href=\"https:\/\/hdl.handle.net\/21.12124\/D8AC045997BA446A9AA463507136A107\" target=\"_blank\">e<\/a><a rel=\"noreferrer noopener\" href=\"https:\/\/hdl.handle.net\/21.12124\/D8AC045997BA446A9AA463507136A107\" target=\"_blank\">c<\/a><a rel=\"noreferrer noopener\" href=\"https:\/\/hdl.handle.net\/21.12124\/D8AC045997BA446A9AA463507136A107\" target=\"_blank\">t<\/a><a rel=\"noreferrer noopener\" href=\"https:\/\/hdl.handle.net\/21.12124\/D8AC045997BA446A9AA463507136A107\" target=\"_blank\">i<\/a><a rel=\"noreferrer noopener\" href=\"https:\/\/hdl.handle.net\/21.12124\/D8AC045997BA446A9AA463507136A107\" target=\"_blank\">e<\/a><a href=\"https:\/\/hdl.handle.net\/21.12124\/D8AC045997BA446A9AA463507136A107\" target=\"_blank\" rel=\"noreferrer noopener\"> <\/a><a rel=\"noreferrer noopener\" href=\"https:\/\/hdl.handle.net\/21.12124\/D8AC045997BA446A9AA463507136A107\" target=\"_blank\">Personalia<\/a><\/p>\n\n<\/div><\/details><\/div>\n\n<div class=\"lightweight-accordion\"><details><summary class=\"lightweight-accordion-title\"><span>HHstAW Hessisches Haupstaatsarchiv<\/span><\/summary><div class=\"lightweight-accordion-body\">\n\n<p>HHstAW 3036 <a href=\"https:\/\/arcinsys.hessen.de\/arcinsys\/detailAction?detailid=v4002891\" target=\"_blank\" rel=\"noreferrer noopener\">Gesamtinventar Altes Dillenburger Archiv<\/a><\/p>\n\n<\/div><\/details><\/div>\n\n<div class=\"lightweight-accordion\"><details><summary class=\"lightweight-accordion-title\"><span>HNI Het Nieuwe Instituut<\/span><\/summary><div class=\"lightweight-accordion-body\">\n\n<p>HNI CUBA <a href=\"https:\/\/zoeken.hetnieuweinstituut.nl\/nl\/archieven\/details\/CUBA\/\">Bureau Cuypers \/ Archief<\/a><\/p>\n\n<\/div><\/details><\/div>\n\n<div class=\"lightweight-accordion\"><details><summary class=\"lightweight-accordion-title\"><span>HUA Het Utrechts Archief<\/span><\/summary><div class=\"lightweight-accordion-body\">\n\n<p>HUA 1001 <a href=\"https:\/\/hetutrechtsarchief.nl\/collectie\/609C5B99657D4642E0534701000A17FD\" target=\"_blank\" rel=\"noreferrer noopener\">Huisarchief Kasteel Amerongen<\/a><\/p>\n\n\n\n<p>HUA 32 <a href=\"https:\/\/hetutrechtsarchief.nl\/collectie\/609C5B9A59E44642E0534701000A17FD\" target=\"_blank\" rel=\"noreferrer noopener\">Familie van Boetzelaer<\/a> <\/p>\n\n\n\n<p>HUA 34-4&nbsp;<a href=\"https:\/\/hetutrechtsarchief.nl\/collectie\/609C5BA4A1024642E0534701000A17FD\" target=\"_blank\" rel=\"noreferrer noopener\">Notarissen in de stad Utrecht 1560-1905<\/a><\/p>\n\n\n\n<p>HUA 68 <a href=\"https:\/\/hetutrechtsarchief.nl\/collectie\/609C5B9AC0734642E0534701000A17FD\" target=\"_blank\" rel=\"noreferrer noopener\">Familie De Geer van Jutphaas<\/a><\/p>\n\n\n\n<p>HUA 76 <a href=\"https:\/\/hetutrechtsarchief.nl\/collectie\/609C5B9AAC774642E0534701000A17FD\" target=\"_blank\" rel=\"noreferrer noopener\">Huis Zuilen<\/a><\/p>\n\n\n\n<p>HUA 216 <a href=\"https:\/\/hetutrechtsarchief.nl\/collectie\/609C5B9B89CB4642E0534701000A17FD\" target=\"_blank\" rel=\"noreferrer noopener\">Domkapittel te Utrecht<\/a><\/p>\n\n<\/div><\/details><\/div>\n\n<div class=\"lightweight-accordion\"><details><summary class=\"lightweight-accordion-title\"><span>KULL &#8211; Katholieke Universiteit Leuven Libraries<\/span><\/summary><div class=\"lightweight-accordion-body\">\n\n<p>SC <a href=\"https:\/\/bib.kuleuven.be\/bijzondere-collecties\" target=\"_blank\" rel=\"noreferrer noopener\">Special Collections<\/a><\/p>\n\n<\/div><\/details><\/div>\n\n<div class=\"lightweight-accordion\"><details><summary class=\"lightweight-accordion-title\"><span>KHA &#8211; Koninklijk Huis Archief<\/span><\/summary><div class=\"lightweight-accordion-body\">\n\n<p>A04 Nassau-Siegense en Nassau-Hadamarse Linies<\/p>\n\n\n\n<p>A14 Frederik Hendrik, Prins van Oranje (1584-1647)<\/p>\n\n\n\n<p>A16 Willem III, Koning van Engeland, Schotland en Ierland, Prins van Oranje (1650-1702)<\/p>\n\n\n\n<p>A23 Ernst Casimir, Graaf van Nassau-Dietz (1573-1632)<\/p>\n\n\n\n<p>A24 Hendrik Casimir I, Graaf van Nassau-Dietz (1612-1640)<\/p>\n\n\n\n<p>A25 Willem Frederik, Vorst van Nassau-Dietz (1613-1664)<\/p>\n\n\n\n<p>A26 Hendrik Casimir II, Vorst van Nassau-Dietz (1657-1696)<\/p>\n\n\n\n<p>A27 Johan Willem Friso, prins van Oranje (1687-1711)<\/p>\n\n\n\n<p>A28 Maria Louise &#8216;Marijke Meu&#8217; van Hessen-Kassel, Prinses van Oranje (1688-1765)<\/p>\n\n\n\n<p>A31 Willem V, Prins van Oranje (1748-1806)<mfn>In een paar nummers kom ik graven Bentinck tegen die ik niet kan plaatsen. Een H.G. graaf Bentinck van Rhoon (A31-1337) een Generaal-majoor C. en een WJG)<\/mfn><\/p>\n\n\n\n<p>A32 Wilhelmina van Pruisen, Prinses van Oranje-Nassau (1751-1820)<\/p>\n\n\n\n<p>A33 Louise van Oranje, Hertogin van Brunswijk-Wolfenb\u00fcttel (1770-1819)<\/p>\n\n\n\n<p>A34 Willem George Frederik, Prins van Oranje-Nassau (1774-1799)<mfn>In nummer A34-293 komt een G.R. van Reede van Ginkel voor. Het gaat om legerfuncties in 1795. Ik vermoed dat het om Jan Gerard Reinhard gaat. Deze is nog niet opgenomen in de grote lijst en er zijn geen andere nummers uit dit archief relevant.<\/mfn><\/p>\n\n\n\n<p>A36 Wilhelmina van Pruisen, Koningin der Nederlanden (1774-1837)<\/p>\n\n\n\n<p>A37 Frederik, Prins der Nederlanden (1797-1881)<\/p>\n\n\n\n<p>A39 Marianne, Prinses der Nederlanden (1810-1883)<\/p>\n\n\n\n<p>A41 Anna Paulowna van Rusland, Koningin der Nederlanden (1795-1865)<\/p>\n\n<\/div><\/details><\/div>\n\n<div class=\"lightweight-accordion\"><details><summary class=\"lightweight-accordion-title\"><span>KB &#8211; Koninklijke Bibliotheek<\/span><\/summary><div class=\"lightweight-accordion-body\"><\/div><\/details><\/div>\n\n<div class=\"lightweight-accordion\"><details><summary class=\"lightweight-accordion-title\"><span>LBW &#8211; Landesarchiv Baden-W\u00fcrttemberg<\/span><\/summary><div class=\"lightweight-accordion-body\">\n\n<p>Findbuch B114 <a href=\"https:\/\/www2.landesarchiv-bw.de\/ofs21\/olf\/struktur.php?bestand=16996\" target=\"_blank\" rel=\"noreferrer noopener\">Limpurg-Gaildorf-Solms-Assenheim, Herrschaft \/ 1424-ca. 1930<\/a><\/p>\n\n\n\n<p>Findbuch E40\/18 <a href=\"https:\/\/www2.landesarchiv-bw.de\/ofs21\/olf\/struktur.php?bestand=4020\" target=\"_blank\" rel=\"noreferrer noopener\">Ministerium der ausw\u00e4rtigen Angelegenheiten: Allgemeine Au\u00dfenpolitik, au\u00dferdeutsche Staaten<\/a><\/p>\n\n<\/div><\/details><\/div>\n\n<div class=\"lightweight-accordion\"><details><summary class=\"lightweight-accordion-title\"><span>NA &#8211; Nationaal Archief<\/span><\/summary><div class=\"lightweight-accordion-body\">\n\n<p>1.01.02 <a href=\"https:\/\/www.nationaalarchief.nl\/onderzoeken\/archief\/1.01.02\/\">Staten Generaal <\/a><\/p>\n\n\n\n<p>1.02.03 <a href=\"https:\/\/www.nationaalarchief.nl\/onderzoeken\/archief\/1.02.03\/\" target=\"_blank\" rel=\"noreferrer noopener\">Inventaris van het archief van A. van der Meer [levensjaren 1659-1713]: Gezant te Savoye, te Keur-Palts en te Genua, 1690-1713<\/a><a href=\"https:\/\/www.nationaalarchief.nl\/onderzoeken\/archief\/1.02.03\/invnr\/%40III.~45?query=Athlone&amp;search-type=inventory&amp;start=0&amp;searchAfter=52,@III.~45\"><\/a><\/p>\n\n\n\n<p>1.10.76<a href=\"https:\/\/www.nationaalarchief.nl\/onderzoeken\/archief\/1.10.76\" target=\"_blank\" rel=\"noreferrer noopener\"> Inventaris van het archief van de familie Snouckaert van Schauburg, 1487-1986<\/a><\/p>\n\n\n\n<p>1.10.109 <a href=\"https:\/\/www.nationaalarchief.nl\/onderzoeken\/archief\/1.10.109\/invnr\/%40118~2166?query=Athlone&amp;search-type=inventory&amp;start=0&amp;searchAfter=120,@118~2166\">Inventaris van het archief van J. van den Bergh [levensjaren 1664-1755], (1658) 1684-1753 (1759)<\/a><\/p>\n\n\n\n<p>2.21.115 Inventaris van het archief van het geslacht Mackay van Ophemert en aanverwante geslachten, 1370-1968 (1994)<\/p>\n\n\n\n<p>2.21.355 <a href=\"https:\/\/www.nationaalarchief.nl\/onderzoeken\/archief\/2.21.355\">Inventaris van het werkarchief van V.E.L. de Stuers [levensjaren: 1843-1916] over de jaren (1790) 1859-1916<\/a><\/p>\n\n\n\n<p>3.01.19 <a href=\"https:\/\/www.nationaalarchief.nl\/onderzoeken\/archief\/3.01.19\/\" target=\"_blank\" rel=\"noreferrer noopener\">Inventaris van het archief van Anthonie Heinsius, raadpensionaris van Holland en West-Friesland, (1682) 1689-1720<\/a><\/p>\n\n\n\n<p>3.01.26 <a href=\"https:\/\/www.nationaalarchief.nl\/onderzoeken\/archief\/3.01.26\/\" target=\"_blank\" rel=\"noreferrer noopener\">Inventaris van het archief van de Raadpensionaris van Holland mr. Laurens Pieter van de Spiegel, 1787-1795<\/a><\/p>\n\n\n\n<p>3.20.09 <a href=\"https:\/\/www.nationaalarchief.nl\/onderzoeken\/archief\/3.20.09\" target=\"_blank\" rel=\"noreferrer noopener\">Inventaris van het archief van de familie Cousebant ca. 1400-1800<\/a><\/p>\n\n\n\n<p>3.20.26 Inventaris van een verzameling papieren, afkomstig van Jhr. mr. Henrik Hoeufft van Velsen<\/p>\n\n\n\n<p>3.20.52 <a href=\"https:\/\/www.nationaalarchief.nl\/onderzoeken\/archief\/3.20.52\/\" target=\"_blank\" rel=\"noreferrer noopener\">Inventaris van het archief van de familie Van Slingelandt-De Vrij Temminck<\/a><\/p>\n\n\n\n<p><\/p>\n\n<\/div><\/details><\/div>\n\n<div class=\"lightweight-accordion\"><details><summary class=\"lightweight-accordion-title\"><span>NYPL DC &#8211; New York Public Library Digital Collections <\/span><\/summary><div class=\"lightweight-accordion-body\">\n\n<p>8-MMEH Vinkhuijzen collection of military uniforms<\/p>\n\n<\/div><\/details><\/div>\n\n<div class=\"lightweight-accordion\"><details><summary class=\"lightweight-accordion-title\"><span>RAZU &#8211; Regionaal Archief Zuid Utrecht<\/span><\/summary><div class=\"lightweight-accordion-body\">\n\n<p>064 Dorpsgerechten (1505-1811) 1836<\/p>\n\n\n\n<p>377 Hervormde gemeente Amerongen<\/p>\n\n<\/div><\/details><\/div>\n\n<div class=\"lightweight-accordion\"><details><summary class=\"lightweight-accordion-title\"><span>RCT &#8211; Royal Collection Trust<\/span><\/summary><div class=\"lightweight-accordion-body\"><\/div><\/details><\/div>\n\n<div class=\"lightweight-accordion\"><details><summary class=\"lightweight-accordion-title\"><span>RHCL &#8211; Regionaal Historisch Centrum Limburg<\/span><\/summary><div class=\"lightweight-accordion-body\">\n\n<p>01.031A <a href=\"http:\/\/www.archieven.nl\/mi\/1540\/?mivast=1540&amp;mizig=210&amp;miadt=38&amp;micode=01.031A&amp;miview=inv2\" target=\"_blank\" rel=\"noreferrer noopener\">Heerlijkheid Blitterswijk en Wanssum<\/a><\/p>\n\n\n\n<p>16.0521 <a href=\"http:\/\/www.archieven.nl\/mi\/1540\/?mivast=1540&amp;mizig=210&amp;miadt=38&amp;micode=16.0521&amp;miview=inv2\" target=\"_blank\" rel=\"noreferrer noopener\">Huis Scheres (familie d&#8217;Olne) te Baarlo<\/a><\/p>\n\n\n\n<p>16.1111 <a href=\"http:\/\/www.archieven.nl\/mi\/1540\/?mivast=1540&amp;mizig=210&amp;miadt=38&amp;micode=16.1111&amp;miview=inv2\" target=\"_blank\" rel=\"noreferrer noopener\">Huis Kessel (familie van Merwijk en de Keverberg)<\/a><\/p>\n\n\n\n<p><\/p>\n\n<\/div><\/details><\/div>\n\n<div class=\"lightweight-accordion\"><details><summary class=\"lightweight-accordion-title\"><span>RM &#8211; Rijksmuseum<\/span><\/summary><div class=\"lightweight-accordion-body\">\n\n<p>RP Prenten<\/p>\n\n<\/div><\/details><\/div>\n\n<div class=\"lightweight-accordion\"><details><summary class=\"lightweight-accordion-title\"><span>UUZ &#8211; Universiteit van Uppsala Zweden<\/span><\/summary><div class=\"lightweight-accordion-body\">\n\n<p>Waller <a href=\"http:\/\/www.alvin-portal.org\/alvin\/view.jsf?pid=alvin-record%3A229&amp;dswid=-9705\" target=\"_blank\" rel=\"noreferrer noopener\">The Waller Manuscript Collection<\/a><\/p>\n\n<\/div><\/details><\/div>\n\n<div class=\"lightweight-accordion\"><details><summary class=\"lightweight-accordion-title\"><span>ZlCO &#8211; Collectie Overijssel locatie Zwolle<\/span><\/summary><div class=\"lightweight-accordion-body\">\n\n<p>0029 <a href=\"https:\/\/collectieoverijssel.nl\/collectie\/archieven\/?mivast=20&amp;mizig=210&amp;miadt=141&amp;micode=0029&amp;miview=inv2\" target=\"_blank\" rel=\"noreferrer noopener\">Hoge Bank en Klaring van Overijssel<\/a><\/p>\n\n\n\n<p>0214 Huis Almelo<\/p>\n\n\n\n<p>0217.1 <a href=\"https:\/\/collectieoverijssel.nl\/collectie\/archieven\/?mivast=20&amp;mizig=210&amp;miadt=141&amp;micode=0217.1&amp;miview=inv2\" target=\"_blank\" rel=\"noreferrer noopener\">Huis Eerde bij Ommen (I)<\/a><\/p>\n\n\n\n<p>0239 <a href=\"https:\/\/collectieoverijssel.nl\/collectie\/archieven\/?mivast=20&amp;mizig=210&amp;miadt=141&amp;micode=0239&amp;miview=inv2\" target=\"_blank\" rel=\"noreferrer noopener\">Familie van Ittersum<\/a><\/p>\n\n<\/div><\/details><\/div>","protected":false},"excerpt":{"rendered":"","protected":false},"author":1,"featured_media":0,"parent":27,"menu_order":0,"comment_status":"closed","ping_status":"closed","template":"","meta":{"_acf_changed":false,"footnotes":""},"class_list":["post-101","page","type-page","status-publish","hentry"],"acf":[],"_links":{"self":[{"href":"https:\/\/ontroerendgoed.kasteelamerongen.nl\/gidsen\/wp-json\/wp\/v2\/pages\/101","targetHints":{"allow":["GET"]}}],"collection":[{"href":"https:\/\/ontroerendgoed.kasteelamerongen.nl\/gidsen\/wp-json\/wp\/v2\/pages"}],"about":[{"href":"https:\/\/ontroerendgoed.kasteelamerongen.nl\/gidsen\/wp-json\/wp\/v2\/types\/page"}],"author":[{"embeddable":true,"href":"https:\/\/ontroerendgoed.kasteelamerongen.nl\/gidsen\/wp-json\/wp\/v2\/users\/1"}],"replies":[{"embeddable":true,"href":"https:\/\/ontroerendgoed.kasteelamerongen.nl\/gidsen\/wp-json\/wp\/v2\/comments?post=101"}],"version-history":[{"count":1,"href":"https:\/\/ontroerendgoed.kasteelamerongen.nl\/gidsen\/wp-json\/wp\/v2\/pages\/101\/revisions"}],"predecessor-version":[{"id":102,"href":"https:\/\/ontroerendgoed.kasteelamerongen.nl\/gidsen\/wp-json\/wp\/v2\/pages\/101\/revisions\/102"}],"up":[{"embeddable":true,"href":"https:\/\/ontroerendgoed.kasteelamerongen.nl\/gidsen\/wp-json\/wp\/v2\/pages\/27"}],"wp:attachment":[{"href":"https:\/\/ontroerendgoed.kasteelamerongen.nl\/gidsen\/wp-json\/wp\/v2\/media?parent=101"}],"curies":[{"name":"wp","href":"https:\/\/api.w.org\/{rel}","templated":true}]}}